{"id":7,"date":"2020-01-21T18:45:07","date_gmt":"2020-01-21T18:45:07","guid":{"rendered":"https:\/\/www.noeticus-energija.com\/?page_id=7"},"modified":"2023-08-07T17:36:27","modified_gmt":"2023-08-07T16:36:27","slug":"kontakt","status":"publish","type":"page","link":"https:\/\/www.noeticus-energija.com\/index.php\/kontakt\/","title":{"rendered":"Kontakt"},"content":{"rendered":"\n\n\t<p>Noeticus energija d.o.o.<\/p>\n<strong>Sjedi\u0161te:<\/strong><br \/>\nUlica Milana Ogrizovi\u0107a 5<br \/>\n10000 Zagreb\n<strong>Telefon:<\/strong> +385(0) 91 3435273<br \/>\n<strong>Fax:<\/strong> +385(0)<br \/>\n<strong>Email: <\/strong><a href=\"mailto:info@noeticus-energija.com\">info@noeticus-energija.com<\/a>\nTrgova\u010dki sud u Zagrebu<br \/>\nMB: 05175852<br \/>\nOIB: 01925408548<br \/>\nIBAN HR6523600001102827314\u00a0 Zagreba\u010dka banka d.d.<br \/>\nTemeljni kapital 20.000,00 kn upla\u0107en u cjelosti\n\t<div class=\"wpforms-container wpforms-container-full\" id=\"wpforms-936\"><form id=\"wpforms-form-936\" class=\"wpforms-validate wpforms-form\" data-formid=\"936\" method=\"post\" enctype=\"multipart\/form-data\" action=\"\/index.php\/wp-json\/wp\/v2\/pages\/7\" data-token=\"b7342e46c9c4cf60497737173dcfc052\"><noscript class=\"wpforms-error-noscript\">Please enable JavaScript in your browser to complete this form.<\/noscript><div class=\"wpforms-field-container\"><div id=\"wpforms-936-field_0-container\" class=\"wpforms-field wpforms-field-name\" data-field-id=\"0\"><label class=\"wpforms-field-label\" for=\"wpforms-936-field_0\">Ime <span class=\"wpforms-required-label\">*<\/span><\/label><input type=\"text\" id=\"wpforms-936-field_0\" class=\"wpforms-field-medium wpforms-field-required\" name=\"wpforms[fields][0]\" required><\/div><div id=\"wpforms-936-field_1-container\" class=\"wpforms-field wpforms-field-email\" data-field-id=\"1\"><label class=\"wpforms-field-label\" for=\"wpforms-936-field_1\">Email <span class=\"wpforms-required-label\">*<\/span><\/label><input type=\"email\" id=\"wpforms-936-field_1\" class=\"wpforms-field-medium wpforms-field-required\" name=\"wpforms[fields][1]\" spellcheck=\"false\" required><\/div><div id=\"wpforms-936-field_2-container\" class=\"wpforms-field wpforms-field-textarea\" data-field-id=\"2\"><label class=\"wpforms-field-label\" for=\"wpforms-936-field_2\">Poruka <span class=\"wpforms-required-label\">*<\/span><\/label><textarea id=\"wpforms-936-field_2\" class=\"wpforms-field-medium wpforms-field-required\" name=\"wpforms[fields][2]\" required><\/textarea><\/div><\/div><!-- .wpforms-field-container --><div class=\"wpforms-submit-container\" ><input type=\"hidden\" name=\"wpforms[id]\" value=\"936\"><input type=\"hidden\" name=\"wpforms[author]\" value=\"1\"><button type=\"submit\" name=\"wpforms[submit]\" id=\"wpforms-submit-936\" class=\"wpforms-submit wpforms-form inputtypesubmit buttontypesubmit  background-color 000 important  Logo background  \" data-alt-text=\"\u0160aljem...\" data-submit-text=\"Po\u0161alji\" aria-live=\"assertive\" value=\"wpforms-submit\">Po\u0161alji<\/button><\/div><\/form><\/div>  <!-- .wpforms-container -->\n<iframe frameborder=\"0\" src=\"https:\/\/www.google.com\/maps\/embed\/v1\/place?q=Noeticus+energija+d.o.o.,+Ulica+Milana+Ogrizovi\u0107a,+Zagreb,+Croatia&#038;key=AIzaSyBFw0Qbyq9zTFTd-tUY6dZWTgaQzuU17R8\"><\/iframe>\n<p><a href=\"https:\/\/www.bootstrapskins.com\/themes\" id=\"authorize-map-data\">premium bootstrap themes<\/a><\/p>\n<style>#embedded-map-display img{max-height:none;max-width:none!important;background:none!important;}<\/style>\n\n","protected":false},"excerpt":{"rendered":"<p>Noeticus energija d.o.o. Sjedi\u0161te: Ulica Milana Ogrizovi\u0107a 5 10000 Zagreb Telefon: +385(0) 91 3435273 Fax: +385(0) Email: info@noeticus-energija.com Trgova\u010dki sud u Zagrebu MB: 05175852 OIB: 01925408548 IBAN HR6523600001102827314\u00a0 Zagreba\u010dka banka d.d. Temeljni kapital 20.000,00 kn upla\u0107en u cjelosti premium bootstrap themes<\/p>\n","protected":false},"author":1,"featured_media":0,"parent":0,"menu_order":1,"comment_status":"closed","ping_status":"closed","template":"","meta":{"om_disable_all_campaigns":false,"_mi_skip_tracking":false,"_monsterinsights_sitenote_active":false,"_monsterinsights_sitenote_note":"","_monsterinsights_sitenote_category":0,"_uf_show_specific_survey":0,"_uf_disable_surveys":false,"site-sidebar-layout":"default","site-content-layout":"plain-container","ast-site-content-layout":"","site-content-style":"default","site-sidebar-style":"default","ast-global-header-display":"","ast-banner-title-visibility":"","ast-main-header-display":"","ast-hfb-above-header-display":"","ast-hfb-below-header-display":"","ast-hfb-mobile-header-display":"","site-post-title":"","ast-breadcrumbs-content":"","ast-featured-img":"","footer-sml-layout":"","theme-transparent-header-meta":"default","adv-header-id-meta":"","stick-header-meta":"","header-above-stick-meta":"","header-main-stick-meta":"","header-below-stick-meta":"","astra-migrate-meta-layouts":"","ast-page-background-enabled":"default","ast-page-background-meta":{"desktop":{"background-color":"","background-image":"","background-repeat":"repeat","background-position":"center center","background-size":"auto","background-attachment":"scroll","background-type":"","background-media":"","overlay-type":"","overlay-color":"","overlay-gradient":""},"tablet":{"background-color":"","background-image":"","background-repeat":"repeat","background-position":"center center","background-size":"auto","background-attachment":"scroll","background-type":"","background-media":"","overlay-type":"","overlay-color":"","overlay-gradient":""},"mobile":{"background-color":"","background-image":"","background-repeat":"repeat","background-position":"center center","background-size":"auto","background-attachment":"scroll","background-type":"","background-media":"","overlay-type":"","overlay-color":"","overlay-gradient":""}},"ast-content-background-meta":{"desktop":{"background-color":"var(--ast-global-color-5)","background-image":"","background-repeat":"repeat","background-position":"center center","background-size":"auto","background-attachment":"scroll","background-type":"","background-media":"","overlay-type":"","overlay-color":"","overlay-gradient":""},"tablet":{"background-color":"var(--ast-global-color-5)","background-image":"","background-repeat":"repeat","background-position":"center center","background-size":"auto","background-attachment":"scroll","background-type":"","background-media":"","overlay-type":"","overlay-color":"","overlay-gradient":""},"mobile":{"background-color":"var(--ast-global-color-5)","background-image":"","background-repeat":"repeat","background-position":"center center","background-size":"auto","background-attachment":"scroll","background-type":"","background-media":"","overlay-type":"","overlay-color":"","overlay-gradient":""}},"footnotes":""},"aioseo_notices":[],"_links":{"self":[{"href":"https:\/\/www.noeticus-energija.com\/index.php\/wp-json\/wp\/v2\/pages\/7"}],"collection":[{"href":"https:\/\/www.noeticus-energija.com\/index.php\/wp-json\/wp\/v2\/pages"}],"about":[{"href":"https:\/\/www.noeticus-energija.com\/index.php\/wp-json\/wp\/v2\/types\/page"}],"author":[{"embeddable":true,"href":"https:\/\/www.noeticus-energija.com\/index.php\/wp-json\/wp\/v2\/users\/1"}],"replies":[{"embeddable":true,"href":"https:\/\/www.noeticus-energija.com\/index.php\/wp-json\/wp\/v2\/comments?post=7"}],"version-history":[{"count":123,"href":"https:\/\/www.noeticus-energija.com\/index.php\/wp-json\/wp\/v2\/pages\/7\/revisions"}],"predecessor-version":[{"id":1118,"href":"https:\/\/www.noeticus-energija.com\/index.php\/wp-json\/wp\/v2\/pages\/7\/revisions\/1118"}],"wp:attachment":[{"href":"https:\/\/www.noeticus-energija.com\/index.php\/wp-json\/wp\/v2\/media?parent=7"}],"curies":[{"name":"wp","href":"https:\/\/api.w.org\/{rel}","templated":true}]}}